{"id":584,"date":"2019-08-23T11:21:16","date_gmt":"2019-08-23T11:21:16","guid":{"rendered":"https:\/\/trofeak.hu\/?post_type=product&#038;p=584"},"modified":"2019-08-23T11:21:16","modified_gmt":"2019-08-23T11:21:16","slug":"ermek","status":"publish","type":"product","link":"https:\/\/trofeak.hu\/en\/product\/ermek\/","title":{"rendered":"\u00c9rmek"},"content":{"rendered":"<p><img fetchpriority=\"high\" decoding=\"async\" class=\"alignnone size-medium wp-image-370\" src=\"https:\/\/trofeak.hu\/wp-content\/uploads\/2019\/08\/ermek-1-300x300.png\" alt=\"\" width=\"300\" height=\"300\" srcset=\"https:\/\/trofeak.hu\/wp-content\/uploads\/2019\/08\/ermek-1-300x300.png 300w, https:\/\/trofeak.hu\/wp-content\/uploads\/2019\/08\/ermek-1-150x150.png 150w, https:\/\/trofeak.hu\/wp-content\/uploads\/2019\/08\/ermek-1-768x768.png 768w, https:\/\/trofeak.hu\/wp-content\/uploads\/2019\/08\/ermek-1.png 1000w\" sizes=\"(max-width: 300px) 100vw, 300px\" \/><\/p>","protected":false},"excerpt":{"rendered":"","protected":false},"featured_media":0,"template":"","meta":{"zakra_page_container_layout":"customizer","zakra_page_sidebar_layout":"customizer","zakra_remove_content_margin":false,"zakra_sidebar":"customizer","zakra_transparent_header":"customizer","zakra_logo":0,"zakra_main_header_style":"default","zakra_menu_item_color":"","zakra_menu_item_hover_color":"","zakra_menu_item_active_color":"","zakra_menu_active_style":"","zakra_page_header":true},"product_brand":[],"product_cat":[24],"product_tag":[],"class_list":{"0":"post-584","1":"product","2":"type-product","3":"status-publish","5":"product_cat-egyeb","7":"first","8":"instock","9":"shipping-taxable","10":"product-type-simple"},"yoast_head":"<!-- This site is optimized with the Yoast SEO plugin v27.4 - https:\/\/yoast.com\/product\/yoast-seo-wordpress\/ -->\n<title>\u00c9rmek - Tr\u00f3fe\u00e1k \u00e9s kup\u00e1k<\/title>\n<meta name=\"robots\" content=\"index, follow, max-snippet:-1, max-image-preview:large, max-video-preview:-1\" \/>\n<link rel=\"canonical\" href=\"https:\/\/trofeak.hu\/en\/product\/ermek\/\" \/>\n<meta property=\"og:locale\" content=\"en_GB\" \/>\n<meta property=\"og:type\" content=\"article\" \/>\n<meta property=\"og:title\" content=\"\u00c9rmek - Tr\u00f3fe\u00e1k \u00e9s kup\u00e1k\" \/>\n<meta property=\"og:url\" content=\"https:\/\/trofeak.hu\/en\/product\/ermek\/\" \/>\n<meta property=\"og:site_name\" content=\"Tr\u00f3fe\u00e1k \u00e9s kup\u00e1k\" \/>\n<meta property=\"og:image\" content=\"https:\/\/trofeak.hu\/wp-content\/uploads\/2019\/08\/ermek-1-300x300.png\" \/>\n<meta name=\"twitter:card\" content=\"summary_large_image\" \/>\n<script type=\"application\/ld+json\" class=\"yoast-schema-graph\">{\"@context\":\"https:\\\/\\\/schema.org\",\"@graph\":[{\"@type\":\"WebPage\",\"@id\":\"https:\\\/\\\/trofeak.hu\\\/termek\\\/ermek\\\/\",\"url\":\"https:\\\/\\\/trofeak.hu\\\/termek\\\/ermek\\\/\",\"name\":\"\u00c9rmek - Tr\u00f3fe\u00e1k \u00e9s kup\u00e1k\",\"isPartOf\":{\"@id\":\"https:\\\/\\\/trofeak.hu\\\/#website\"},\"primaryImageOfPage\":{\"@id\":\"https:\\\/\\\/trofeak.hu\\\/termek\\\/ermek\\\/#primaryimage\"},\"image\":{\"@id\":\"https:\\\/\\\/trofeak.hu\\\/termek\\\/ermek\\\/#primaryimage\"},\"thumbnailUrl\":\"https:\\\/\\\/trofeak.hu\\\/wp-content\\\/uploads\\\/2019\\\/08\\\/ermek-1-300x300.png\",\"datePublished\":\"2019-08-23T11:21:16+00:00\",\"breadcrumb\":{\"@id\":\"https:\\\/\\\/trofeak.hu\\\/termek\\\/ermek\\\/#breadcrumb\"},\"inLanguage\":\"en-GB\",\"potentialAction\":[{\"@type\":\"ReadAction\",\"target\":[\"https:\\\/\\\/trofeak.hu\\\/termek\\\/ermek\\\/\"]}]},{\"@type\":\"ImageObject\",\"inLanguage\":\"en-GB\",\"@id\":\"https:\\\/\\\/trofeak.hu\\\/termek\\\/ermek\\\/#primaryimage\",\"url\":\"https:\\\/\\\/trofeak.hu\\\/wp-content\\\/uploads\\\/2019\\\/08\\\/ermek-1-300x300.png\",\"contentUrl\":\"https:\\\/\\\/trofeak.hu\\\/wp-content\\\/uploads\\\/2019\\\/08\\\/ermek-1-300x300.png\"},{\"@type\":\"BreadcrumbList\",\"@id\":\"https:\\\/\\\/trofeak.hu\\\/termek\\\/ermek\\\/#breadcrumb\",\"itemListElement\":[{\"@type\":\"ListItem\",\"position\":1,\"name\":\"Home\",\"item\":\"https:\\\/\\\/trofeak.hu\\\/\"},{\"@type\":\"ListItem\",\"position\":2,\"name\":\"Shop\",\"item\":\"https:\\\/\\\/trofeak.hu\\\/shop\\\/\"},{\"@type\":\"ListItem\",\"position\":3,\"name\":\"\u00c9rmek\"}]},{\"@type\":\"WebSite\",\"@id\":\"https:\\\/\\\/trofeak.hu\\\/#website\",\"url\":\"https:\\\/\\\/trofeak.hu\\\/\",\"name\":\"Tr\u00f3fe\u00e1k \u00e9s kup\u00e1k\",\"description\":\"\",\"potentialAction\":[{\"@type\":\"SearchAction\",\"target\":{\"@type\":\"EntryPoint\",\"urlTemplate\":\"https:\\\/\\\/trofeak.hu\\\/?s={search_term_string}\"},\"query-input\":{\"@type\":\"PropertyValueSpecification\",\"valueRequired\":true,\"valueName\":\"search_term_string\"}}],\"inLanguage\":\"en-GB\"}]}<\/script>\n<!-- \/ Yoast SEO plugin. -->","yoast_head_json":{"title":"\u00c9rmek - Tr\u00f3fe\u00e1k \u00e9s kup\u00e1k","robots":{"index":"index","follow":"follow","max-snippet":"max-snippet:-1","max-image-preview":"max-image-preview:large","max-video-preview":"max-video-preview:-1"},"canonical":"https:\/\/trofeak.hu\/en\/product\/ermek\/","og_locale":"en_GB","og_type":"article","og_title":"\u00c9rmek - Tr\u00f3fe\u00e1k \u00e9s kup\u00e1k","og_url":"https:\/\/trofeak.hu\/en\/product\/ermek\/","og_site_name":"Tr\u00f3fe\u00e1k \u00e9s kup\u00e1k","og_image":[{"url":"https:\/\/trofeak.hu\/wp-content\/uploads\/2019\/08\/ermek-1-300x300.png","type":"","width":"","height":""}],"twitter_card":"summary_large_image","schema":{"@context":"https:\/\/schema.org","@graph":[{"@type":"WebPage","@id":"https:\/\/trofeak.hu\/termek\/ermek\/","url":"https:\/\/trofeak.hu\/termek\/ermek\/","name":"\u00c9rmek - Tr\u00f3fe\u00e1k \u00e9s kup\u00e1k","isPartOf":{"@id":"https:\/\/trofeak.hu\/#website"},"primaryImageOfPage":{"@id":"https:\/\/trofeak.hu\/termek\/ermek\/#primaryimage"},"image":{"@id":"https:\/\/trofeak.hu\/termek\/ermek\/#primaryimage"},"thumbnailUrl":"https:\/\/trofeak.hu\/wp-content\/uploads\/2019\/08\/ermek-1-300x300.png","datePublished":"2019-08-23T11:21:16+00:00","breadcrumb":{"@id":"https:\/\/trofeak.hu\/termek\/ermek\/#breadcrumb"},"inLanguage":"en-GB","potentialAction":[{"@type":"ReadAction","target":["https:\/\/trofeak.hu\/termek\/ermek\/"]}]},{"@type":"ImageObject","inLanguage":"en-GB","@id":"https:\/\/trofeak.hu\/termek\/ermek\/#primaryimage","url":"https:\/\/trofeak.hu\/wp-content\/uploads\/2019\/08\/ermek-1-300x300.png","contentUrl":"https:\/\/trofeak.hu\/wp-content\/uploads\/2019\/08\/ermek-1-300x300.png"},{"@type":"BreadcrumbList","@id":"https:\/\/trofeak.hu\/termek\/ermek\/#breadcrumb","itemListElement":[{"@type":"ListItem","position":1,"name":"Home","item":"https:\/\/trofeak.hu\/"},{"@type":"ListItem","position":2,"name":"Shop","item":"https:\/\/trofeak.hu\/shop\/"},{"@type":"ListItem","position":3,"name":"\u00c9rmek"}]},{"@type":"WebSite","@id":"https:\/\/trofeak.hu\/#website","url":"https:\/\/trofeak.hu\/","name":"Trophies and medals","description":"","potentialAction":[{"@type":"SearchAction","target":{"@type":"EntryPoint","urlTemplate":"https:\/\/trofeak.hu\/?s={search_term_string}"},"query-input":{"@type":"PropertyValueSpecification","valueRequired":true,"valueName":"search_term_string"}}],"inLanguage":"en-GB"}]}},"_links":{"self":[{"href":"https:\/\/trofeak.hu\/en\/wp-json\/wp\/v2\/product\/584","targetHints":{"allow":["GET"]}}],"collection":[{"href":"https:\/\/trofeak.hu\/en\/wp-json\/wp\/v2\/product"}],"about":[{"href":"https:\/\/trofeak.hu\/en\/wp-json\/wp\/v2\/types\/product"}],"wp:attachment":[{"href":"https:\/\/trofeak.hu\/en\/wp-json\/wp\/v2\/media?parent=584"}],"wp:term":[{"taxonomy":"product_brand","embeddable":true,"href":"https:\/\/trofeak.hu\/en\/wp-json\/wp\/v2\/product_brand?post=584"},{"taxonomy":"product_cat","embeddable":true,"href":"https:\/\/trofeak.hu\/en\/wp-json\/wp\/v2\/product_cat?post=584"},{"taxonomy":"product_tag","embeddable":true,"href":"https:\/\/trofeak.hu\/en\/wp-json\/wp\/v2\/product_tag?post=584"}],"curies":[{"name":"wp","href":"https:\/\/api.w.org\/{rel}","templated":true}]}}