{"id":85,"date":"2018-08-17T06:24:11","date_gmt":"2018-08-17T06:24:11","guid":{"rendered":"https:\/\/demo.themegrill.com\/zakra-charity\/?page_id=85"},"modified":"2019-09-26T08:18:20","modified_gmt":"2019-09-26T08:18:20","slug":"rendeles","status":"publish","type":"page","link":"https:\/\/trofeak.hu\/en\/rendeles\/","title":{"rendered":"Request for offer"},"content":{"rendered":"\t\t<div data-elementor-type=\"wp-post\" data-elementor-id=\"85\" class=\"elementor elementor-85\">\n\t\t\t\t\t\t<section class=\"elementor-section elementor-top-section elementor-element elementor-element-7e2f780 elementor-section-boxed elementor-section-height-default elementor-section-height-default\" data-id=\"7e2f780\" data-element_type=\"section\" data-e-type=\"section\">\n\t\t\t\t\t\t<div class=\"elementor-container elementor-column-gap-default\">\n\t\t\t\t\t<div class=\"elementor-column elementor-col-100 elementor-top-column elementor-element elementor-element-c83631e\" data-id=\"c83631e\" data-element_type=\"column\" data-e-type=\"column\">\n\t\t\t<div class=\"elementor-widget-wrap elementor-element-populated\">\n\t\t\t\t\t\t<div class=\"elementor-element elementor-element-63a973a elementor-widget elementor-widget-shortcode\" data-id=\"63a973a\" data-element_type=\"widget\" data-e-type=\"widget\" data-widget_type=\"shortcode.default\">\n\t\t\t\t<div class=\"elementor-widget-container\">\n\t\t\t\t\t\t\t<div class=\"elementor-shortcode\"><div class=\"everest-forms\"><div class=\"evf-container default\" id=\"evf-602\"><form id=\"evf-form-602\" class=\"everest-form\" data-formid=\"602\" data-ajax_submission=\"1\" data-keyboard_friendly_form=\"0\" data-form_state_type=\"\" method=\"post\" enctype=\"multipart\/form-data\" action=\"\/en\/wp-json\/wp\/v2\/pages\/85\"><div class=\"evf-field-container\"><input type=\"hidden\" id=\"_wpnonce602\" name=\"_wpnonce602\" value=\"db7de89168\" \/><input type=\"hidden\" name=\"_wp_http_referer\" value=\"\/en\/wp-json\/wp\/v2\/pages\/85\" \/><div class=\"evf-frontend-row\" data-row=\"row_1\" conditional_rules=\"[]\"><div class=\"evf-frontend-grid evf-grid-2\" data-grid=\"grid_1\"><div id=\"evf-602-field_GOqBu74EZl-2-container\" class=\"evf-field evf-field-last-name form-row validate-required\" data-required-field-message=\"A mez\u0151 kit\u00f6lt\u00e9se k\u00f6telez\u0151.\" data-field-id=\"GOqBu74EZl-2\"><label class=\"evf-field-label\" for=\"evf-602-field_GOqBu74EZl-2\"><span class=\"evf-label\">Vezet\u00e9kn\u00e9v<\/span> <abbr class=\"required\" title=\"Required\">*<\/abbr><\/label><input type=\"text\" id=\"evf-602-field_GOqBu74EZl-2\" class=\"input-text\" name=\"everest_forms[form_fields][GOqBu74EZl-2]\" required><\/div><\/div><div class=\"evf-frontend-grid evf-grid-2\" data-grid=\"grid_2\"><div id=\"evf-602-field_S6FB9mKWOy-7-container\" class=\"evf-field evf-field-first-name form-row validate-required\" data-required-field-message=\"A mez\u0151 kit\u00f6lt\u00e9se k\u00f6telez\u0151.\" data-field-id=\"S6FB9mKWOy-7\"><label class=\"evf-field-label\" for=\"evf-602-field_S6FB9mKWOy-7\"><span class=\"evf-label\">Keresztn\u00e9v<\/span> <abbr class=\"required\" title=\"Required\">*<\/abbr><\/label><input type=\"text\" id=\"evf-602-field_S6FB9mKWOy-7\" class=\"input-text\" name=\"everest_forms[form_fields][S6FB9mKWOy-7]\" required><\/div><\/div><\/div><div class=\"evf-frontend-row\" data-row=\"row_2\" conditional_rules=\"[]\"><div class=\"evf-frontend-grid evf-grid-2\" data-grid=\"grid_1\"><div id=\"evf-602-field_usYTKM4opv-4-container\" class=\"evf-field evf-field-radio form-row\" data-field-id=\"usYTKM4opv-4\"><label class=\"evf-field-label\" for=\"evf-602-field_usYTKM4opv-4\"><span class=\"evf-label\">Tr\u00f3fea \/ \u00e9rem<\/span> <\/label><ul id=\"evf-602-field_usYTKM4opv-4\"><li class=\"choice-1 depth-1\"><input type=\"radio\" id=\"evf-602-field_usYTKM4opv-4_1\" class=\"input-text\" name=\"everest_forms[form_fields][usYTKM4opv-4]\" value=\"Tr\u00f3fea\"  ><label class=\"everest-forms-field-label-inline\" for=\"evf-602-field_usYTKM4opv-4_1\">Tr\u00f3fea<\/label><\/li><li class=\"choice-2 depth-1\"><input type=\"radio\" id=\"evf-602-field_usYTKM4opv-4_2\" class=\"input-text\" name=\"everest_forms[form_fields][usYTKM4opv-4]\" value=\"\u00c9rem\"  ><label class=\"everest-forms-field-label-inline\" for=\"evf-602-field_usYTKM4opv-4_2\">\u00c9rem<\/label><\/li><\/ul><\/div><div id=\"evf-602-field_iAweuQ6QEQ-5-container\" class=\"evf-field evf-field-select form-row\" data-field-id=\"iAweuQ6QEQ-5\"><label class=\"evf-field-label\" for=\"evf-602-field_iAweuQ6QEQ-5\"><span class=\"evf-label\">Tr\u00f3fea m\u00e9rete<\/span> <\/label><select id=\"evf-602-field_iAweuQ6QEQ-5\" class=\"input-text\" name=\"everest_forms[form_fields][iAweuQ6QEQ-5]\" ><option value=\"\" ><\/option><option value=\"15 cm\" >15 cm<\/option><option value=\"25 cm\" >25 cm<\/option><option value=\"35 cm\" >35 cm<\/option><option value=\"40 cm\" >40 cm<\/option><option value=\"30x10x10 cm\" >30x10x10 cm<\/option><option value=\"15x20x20 cm\" >15x20x20 cm<\/option><option value=\"Egy\u00e9b\" >Egy\u00e9b<\/option><option value=\"\" ><\/option><option value=\"\" ><\/option><\/select><div class=\"evf-field-description\">A m\u00e9reteket megtekintheti a f\u0151oldalon tal\u00e1lhat\u00f3 katal\u00f3gusban! Egy\u00e9b m\u00e9ret v\u00e1laszt\u00e1s\u00e1n\u00e1l, k\u00e9rj\u00fck a megjegyz\u00e9s rovatba \u00edrja le milyet szeretne.<\/div><\/div><\/div><div class=\"evf-frontend-grid evf-grid-2\" data-grid=\"grid_2\"><div id=\"evf-602-field_pPYwpWIHVk-12-container\" class=\"evf-field evf-field-select form-row\" data-field-id=\"pPYwpWIHVk-12\"><label class=\"evf-field-label\" for=\"evf-602-field_pPYwpWIHVk-12\"><span class=\"evf-label\">Term\u00e9k sz\u00e1ma alapj\u00e1n jel\u00f6lje a megrendelni k\u00edv\u00e1nt term\u00e9ket<\/span> <\/label><select id=\"evf-602-field_pPYwpWIHVk-12\" class=\"input-text\" name=\"everest_forms[form_fields][pPYwpWIHVk-12]\" ><option value=\"1\" >1<\/option><option value=\"2\" >2<\/option><option value=\"3\" >3<\/option><option value=\"4\" >4<\/option><option value=\"5\" >5<\/option><option value=\"6\" >6<\/option><option value=\"7\" >7<\/option><option value=\"8\" >8<\/option><option value=\"9\" >9<\/option><option value=\"10\" >10<\/option><option value=\"11\" >11<\/option><option value=\"12\" >12<\/option><option value=\"13\" >13<\/option><option value=\"14\" >14<\/option><option value=\"15\" >15<\/option><option value=\"16\" >16<\/option><option value=\"17\" >17<\/option><option value=\"18\" >18<\/option><option value=\"19\" >19<\/option><option value=\"20\" >20<\/option><option value=\"21\" >21<\/option><option value=\"22\" >22<\/option><option value=\"23\" >23<\/option><option value=\"24\" >24<\/option><option value=\"25\" >25<\/option><option value=\"26\" >26<\/option><option value=\"27\" >27<\/option><option value=\"28\" >28<\/option><option value=\"29\" >29<\/option><option value=\"30\" >30<\/option><option value=\"31\" >31<\/option><option value=\"32\" >32<\/option><option value=\"33\" >33<\/option><\/select><\/div><div id=\"evf-602-field_PLVTsY6RH4-13-container\" class=\"evf-field evf-field-text form-row\" data-field-id=\"PLVTsY6RH4-13\"><label class=\"evf-field-label\" for=\"evf-602-field_PLVTsY6RH4-13\"><span class=\"evf-label\">Mikorra szeretn\u00e9 a term\u00e9keket?<\/span> <\/label><input type=\"text\" id=\"evf-602-field_PLVTsY6RH4-13\" class=\"input-text\" name=\"everest_forms[form_fields][PLVTsY6RH4-13]\" ><\/div><div id=\"evf-602-field_T109SZoWor-10-container\" class=\"evf-field evf-field-text form-row\" data-field-id=\"T109SZoWor-10\"><label class=\"evf-field-label\" for=\"evf-602-field_T109SZoWor-10\"><span class=\"evf-label\">Darabsz\u00e1m<\/span> <\/label><input type=\"text\" id=\"evf-602-field_T109SZoWor-10\" class=\"input-text\" name=\"everest_forms[form_fields][T109SZoWor-10]\" ><\/div><\/div><\/div><div class=\"evf-frontend-row\" data-row=\"row_3\" conditional_rules=\"[]\"><div class=\"evf-frontend-grid evf-grid-2\" data-grid=\"grid_1\"><div id=\"evf-602-field_Q6W9AwXEUi-8-container\" class=\"evf-field evf-field-number form-row validate-required\" data-required-field-message=\"Egy telefonsz\u00e1mot adjon meg.\" data-field-id=\"Q6W9AwXEUi-8\"><label class=\"evf-field-label\" for=\"evf-602-field_Q6W9AwXEUi-8\"><span class=\"evf-label\">Telefonsz\u00e1m<\/span> <abbr class=\"required\" title=\"Required\">*<\/abbr><\/label><input type=\"number\" id=\"evf-602-field_Q6W9AwXEUi-8\" class=\"input-text\" name=\"everest_forms[form_fields][Q6W9AwXEUi-8]\" step=\"1\" required\/><\/div><div id=\"evf-602-field_kBQ0XP4HjG-3-container\" class=\"evf-field evf-field-email form-row validate-required validate-email\" data-required-field-message=\"Val\u00f3s e-mail c\u00edmet adjon meg.\" data-field-id=\"kBQ0XP4HjG-3\"><label class=\"evf-field-label\" for=\"evf-602-field_kBQ0XP4HjG-3\"><span class=\"evf-label\">Email<\/span> <abbr class=\"required\" title=\"Required\">*<\/abbr><\/label><input type=\"email\" id=\"evf-602-field_kBQ0XP4HjG-3\" class=\"input-text\" name=\"everest_forms[form_fields][kBQ0XP4HjG-3]\" required ><\/div><\/div><div class=\"evf-frontend-grid evf-grid-2\" data-grid=\"grid_2\"><div id=\"evf-602-field_4QlH3aGBrC-6-container\" class=\"evf-field evf-field-textarea form-row\" data-field-id=\"4QlH3aGBrC-6\"><label class=\"evf-field-label\" for=\"evf-602-field_4QlH3aGBrC-6\"><span class=\"evf-label\">Megjegyz\u00e9s<\/span> <\/label><textarea id=\"evf-602-field_4QlH3aGBrC-6\" class=\"input-text\" name=\"everest_forms[form_fields][4QlH3aGBrC-6]\"  ><\/textarea><div class=\"evf-field-description\">A megjegyz\u00e9sbe \u00edrja le milyen sz\u00f6veget szeretne r\u00e1, a m\u00e9retet \u00e9s ha valamit v\u00e1ltoztatni szeretne a term\u00e9ken.<\/div><\/div><\/div><\/div><\/div><div class=\"evf-recaptcha-container \" style=\"display:block\"><div class=\"g-recaptcha\" data-sitekey=\"6LffE1okAAAAAJ_daAd0dtvgzkT3a5F63DGv32G2\"><\/div><\/div><div class=\"evf-submit-container \" ><input type=\"hidden\" name=\"everest_forms[id]\" value=\"602\"><input type=\"hidden\" name=\"everest_forms[author]\" value=\"1\"><button type='submit' name='everest_forms[submit]' class='everest-forms-submit-button button evf-submit ' id='evf-submit-602' value='evf-submit' data-process-text=\"\u00dczenetk\u00fcld\u00e9s folyamatban \u2026\" conditional_rules='&quot;&quot;' conditional_id='evf-submit-602'  id=\"evf-submit-602\" aria-live=\"assertive\">\u00dczenetk\u00fcld\u00e9s<\/button><\/div><\/form><\/div><!-- .evf-container --><\/div><\/div>\n\t\t\t\t\t\t<\/div>\n\t\t\t\t<\/div>\n\t\t\t\t\t<\/div>\n\t\t<\/div>\n\t\t\t\t\t<\/div>\n\t\t<\/section>\n\t\t\t\t<section class=\"elementor-section elementor-top-section elementor-element elementor-element-00f4de4 elementor-section-boxed elementor-section-height-default elementor-section-height-default\" data-id=\"00f4de4\" data-element_type=\"section\" data-e-type=\"section\">\n\t\t\t\t\t\t<div class=\"elementor-container elementor-column-gap-default\">\n\t\t\t\t\t<div class=\"elementor-column elementor-col-100 elementor-top-column elementor-element elementor-element-39803fa\" data-id=\"39803fa\" data-element_type=\"column\" data-e-type=\"column\">\n\t\t\t<div class=\"elementor-widget-wrap elementor-element-populated\">\n\t\t\t\t\t\t<div class=\"elementor-element elementor-element-0c61706 elementor-align-center elementor-widget elementor-widget-button\" data-id=\"0c61706\" data-element_type=\"widget\" data-e-type=\"widget\" data-widget_type=\"button.default\">\n\t\t\t\t<div class=\"elementor-widget-container\">\n\t\t\t\t\t\t\t\t\t<div class=\"elementor-button-wrapper\">\n\t\t\t\t\t<a class=\"elementor-button elementor-button-link elementor-size-sm\" href=\"https:\/\/trofeak.hu\/\">\n\t\t\t\t\t\t<span class=\"elementor-button-content-wrapper\">\n\t\t\t\t\t\t\t\t\t<span class=\"elementor-button-text\">Vissza a f\u0151oldalra<\/span>\n\t\t\t\t\t<\/span>\n\t\t\t\t\t<\/a>\n\t\t\t\t<\/div>\n\t\t\t\t\t\t\t\t<\/div>\n\t\t\t\t<\/div>\n\t\t\t\t\t<\/div>\n\t\t<\/div>\n\t\t\t\t\t<\/div>\n\t\t<\/section>\n\t\t\t\t<\/div>\n\t\t","protected":false},"excerpt":{"rendered":"<p>Back to main page<\/p>","protected":false},"author":1,"featured_media":0,"parent":0,"menu_order":0,"comment_status":"closed","ping_status":"closed","template":"elementor_header_footer","meta":{"zakra_page_container_layout":"customizer","zakra_page_sidebar_layout":"customizer","zakra_remove_content_margin":false,"zakra_sidebar":"customizer","zakra_transparent_header":"0","zakra_logo":0,"zakra_main_header_style":"default","zakra_menu_item_color":"","zakra_menu_item_hover_color":"","zakra_menu_item_active_color":"","zakra_menu_active_style":"","zakra_page_header":true,"footnotes":""},"class_list":["post-85","page","type-page","status-publish","hentry"],"yoast_head":"<!-- This site is optimized with the Yoast SEO plugin v27.4 - https:\/\/yoast.com\/product\/yoast-seo-wordpress\/ -->\n<title>Aj\u00e1nlatk\u00e9r\u00e9s - Tr\u00f3fe\u00e1k \u00e9s kup\u00e1k<\/title>\n<meta name=\"robots\" content=\"index, follow, max-snippet:-1, max-image-preview:large, max-video-preview:-1\" \/>\n<link rel=\"canonical\" href=\"https:\/\/trofeak.hu\/en\/rendeles\/\" \/>\n<meta property=\"og:locale\" content=\"en_GB\" \/>\n<meta property=\"og:type\" content=\"article\" \/>\n<meta property=\"og:title\" content=\"Aj\u00e1nlatk\u00e9r\u00e9s - Tr\u00f3fe\u00e1k \u00e9s kup\u00e1k\" \/>\n<meta property=\"og:description\" content=\"Vissza a f\u0151oldalra\" \/>\n<meta property=\"og:url\" content=\"https:\/\/trofeak.hu\/en\/rendeles\/\" \/>\n<meta property=\"og:site_name\" content=\"Tr\u00f3fe\u00e1k \u00e9s kup\u00e1k\" \/>\n<meta property=\"article:modified_time\" content=\"2019-09-26T08:18:20+00:00\" \/>\n<meta name=\"twitter:card\" content=\"summary_large_image\" \/>\n<script type=\"application\/ld+json\" class=\"yoast-schema-graph\">{\"@context\":\"https:\\\/\\\/schema.org\",\"@graph\":[{\"@type\":\"WebPage\",\"@id\":\"https:\\\/\\\/trofeak.hu\\\/rendeles\\\/\",\"url\":\"https:\\\/\\\/trofeak.hu\\\/rendeles\\\/\",\"name\":\"Aj\u00e1nlatk\u00e9r\u00e9s - Tr\u00f3fe\u00e1k \u00e9s kup\u00e1k\",\"isPartOf\":{\"@id\":\"https:\\\/\\\/trofeak.hu\\\/#website\"},\"datePublished\":\"2018-08-17T06:24:11+00:00\",\"dateModified\":\"2019-09-26T08:18:20+00:00\",\"breadcrumb\":{\"@id\":\"https:\\\/\\\/trofeak.hu\\\/rendeles\\\/#breadcrumb\"},\"inLanguage\":\"en-GB\",\"potentialAction\":[{\"@type\":\"ReadAction\",\"target\":[\"https:\\\/\\\/trofeak.hu\\\/rendeles\\\/\"]}]},{\"@type\":\"BreadcrumbList\",\"@id\":\"https:\\\/\\\/trofeak.hu\\\/rendeles\\\/#breadcrumb\",\"itemListElement\":[{\"@type\":\"ListItem\",\"position\":1,\"name\":\"Home\",\"item\":\"https:\\\/\\\/trofeak.hu\\\/\"},{\"@type\":\"ListItem\",\"position\":2,\"name\":\"Aj\u00e1nlatk\u00e9r\u00e9s\"}]},{\"@type\":\"WebSite\",\"@id\":\"https:\\\/\\\/trofeak.hu\\\/#website\",\"url\":\"https:\\\/\\\/trofeak.hu\\\/\",\"name\":\"Tr\u00f3fe\u00e1k \u00e9s kup\u00e1k\",\"description\":\"\",\"potentialAction\":[{\"@type\":\"SearchAction\",\"target\":{\"@type\":\"EntryPoint\",\"urlTemplate\":\"https:\\\/\\\/trofeak.hu\\\/?s={search_term_string}\"},\"query-input\":{\"@type\":\"PropertyValueSpecification\",\"valueRequired\":true,\"valueName\":\"search_term_string\"}}],\"inLanguage\":\"en-GB\"}]}<\/script>\n<!-- \/ Yoast SEO plugin. -->","yoast_head_json":{"title":"Aj\u00e1nlatk\u00e9r\u00e9s - Tr\u00f3fe\u00e1k \u00e9s kup\u00e1k","robots":{"index":"index","follow":"follow","max-snippet":"max-snippet:-1","max-image-preview":"max-image-preview:large","max-video-preview":"max-video-preview:-1"},"canonical":"https:\/\/trofeak.hu\/en\/rendeles\/","og_locale":"en_GB","og_type":"article","og_title":"Aj\u00e1nlatk\u00e9r\u00e9s - Tr\u00f3fe\u00e1k \u00e9s kup\u00e1k","og_description":"Vissza a f\u0151oldalra","og_url":"https:\/\/trofeak.hu\/en\/rendeles\/","og_site_name":"Tr\u00f3fe\u00e1k \u00e9s kup\u00e1k","article_modified_time":"2019-09-26T08:18:20+00:00","twitter_card":"summary_large_image","schema":{"@context":"https:\/\/schema.org","@graph":[{"@type":"WebPage","@id":"https:\/\/trofeak.hu\/rendeles\/","url":"https:\/\/trofeak.hu\/rendeles\/","name":"Aj\u00e1nlatk\u00e9r\u00e9s - Tr\u00f3fe\u00e1k \u00e9s kup\u00e1k","isPartOf":{"@id":"https:\/\/trofeak.hu\/#website"},"datePublished":"2018-08-17T06:24:11+00:00","dateModified":"2019-09-26T08:18:20+00:00","breadcrumb":{"@id":"https:\/\/trofeak.hu\/rendeles\/#breadcrumb"},"inLanguage":"en-GB","potentialAction":[{"@type":"ReadAction","target":["https:\/\/trofeak.hu\/rendeles\/"]}]},{"@type":"BreadcrumbList","@id":"https:\/\/trofeak.hu\/rendeles\/#breadcrumb","itemListElement":[{"@type":"ListItem","position":1,"name":"Home","item":"https:\/\/trofeak.hu\/"},{"@type":"ListItem","position":2,"name":"Aj\u00e1nlatk\u00e9r\u00e9s"}]},{"@type":"WebSite","@id":"https:\/\/trofeak.hu\/#website","url":"https:\/\/trofeak.hu\/","name":"Trophies and medals","description":"","potentialAction":[{"@type":"SearchAction","target":{"@type":"EntryPoint","urlTemplate":"https:\/\/trofeak.hu\/?s={search_term_string}"},"query-input":{"@type":"PropertyValueSpecification","valueRequired":true,"valueName":"search_term_string"}}],"inLanguage":"en-GB"}]}},"_links":{"self":[{"href":"https:\/\/trofeak.hu\/en\/wp-json\/wp\/v2\/pages\/85","targetHints":{"allow":["GET"]}}],"collection":[{"href":"https:\/\/trofeak.hu\/en\/wp-json\/wp\/v2\/pages"}],"about":[{"href":"https:\/\/trofeak.hu\/en\/wp-json\/wp\/v2\/types\/page"}],"author":[{"embeddable":true,"href":"https:\/\/trofeak.hu\/en\/wp-json\/wp\/v2\/users\/1"}],"replies":[{"embeddable":true,"href":"https:\/\/trofeak.hu\/en\/wp-json\/wp\/v2\/comments?post=85"}],"version-history":[{"count":7,"href":"https:\/\/trofeak.hu\/en\/wp-json\/wp\/v2\/pages\/85\/revisions"}],"predecessor-version":[{"id":714,"href":"https:\/\/trofeak.hu\/en\/wp-json\/wp\/v2\/pages\/85\/revisions\/714"}],"wp:attachment":[{"href":"https:\/\/trofeak.hu\/en\/wp-json\/wp\/v2\/media?parent=85"}],"curies":[{"name":"wp","href":"https:\/\/api.w.org\/{rel}","templated":true}]}}