{"id":685,"date":"2019-10-09T11:03:19","date_gmt":"2019-10-09T11:03:19","guid":{"rendered":"https:\/\/trofeak.hu\/cart\/"},"modified":"2019-10-09T11:03:19","modified_gmt":"2019-10-09T11:03:19","slug":"cart","status":"publish","type":"page","link":"https:\/\/trofeak.hu\/en\/cart\/","title":{"rendered":"Cart"},"content":{"rendered":"","protected":false},"excerpt":{"rendered":"","protected":false},"author":1,"featured_media":0,"parent":0,"menu_order":0,"comment_status":"closed","ping_status":"closed","template":"","meta":{"zakra_page_container_layout":"customizer","zakra_page_sidebar_layout":"customizer","zakra_remove_content_margin":false,"zakra_sidebar":"customizer","zakra_transparent_header":"customizer","zakra_logo":0,"zakra_main_header_style":"default","zakra_menu_item_color":"","zakra_menu_item_hover_color":"","zakra_menu_item_active_color":"","zakra_menu_active_style":"","zakra_page_header":true,"footnotes":""},"class_list":["post-685","page","type-page","status-publish","hentry"],"yoast_head":"<!-- This site is optimized with the Yoast SEO plugin v27.4 - https:\/\/yoast.com\/product\/yoast-seo-wordpress\/ -->\n<title>Cart - Tr\u00f3fe\u00e1k \u00e9s kup\u00e1k<\/title>\n<meta name=\"robots\" content=\"index, follow, max-snippet:-1, max-image-preview:large, max-video-preview:-1\" \/>\n<link rel=\"canonical\" href=\"https:\/\/trofeak.hu\/en\/cart\/\" \/>\n<meta property=\"og:locale\" content=\"en_GB\" \/>\n<meta property=\"og:type\" content=\"article\" \/>\n<meta property=\"og:title\" content=\"Cart - Tr\u00f3fe\u00e1k \u00e9s kup\u00e1k\" \/>\n<meta property=\"og:url\" content=\"https:\/\/trofeak.hu\/en\/cart\/\" \/>\n<meta property=\"og:site_name\" content=\"Tr\u00f3fe\u00e1k \u00e9s kup\u00e1k\" \/>\n<meta name=\"twitter:card\" content=\"summary_large_image\" \/>\n<script type=\"application\/ld+json\" class=\"yoast-schema-graph\">{\"@context\":\"https:\\\/\\\/schema.org\",\"@graph\":[{\"@type\":\"WebPage\",\"@id\":\"https:\\\/\\\/trofeak.hu\\\/cart\\\/\",\"url\":\"https:\\\/\\\/trofeak.hu\\\/cart\\\/\",\"name\":\"Cart - Tr\u00f3fe\u00e1k \u00e9s kup\u00e1k\",\"isPartOf\":{\"@id\":\"https:\\\/\\\/trofeak.hu\\\/#website\"},\"datePublished\":\"2019-10-09T11:03:19+00:00\",\"breadcrumb\":{\"@id\":\"https:\\\/\\\/trofeak.hu\\\/cart\\\/#breadcrumb\"},\"inLanguage\":\"en-GB\",\"potentialAction\":[{\"@type\":\"ReadAction\",\"target\":[\"https:\\\/\\\/trofeak.hu\\\/cart\\\/\"]}]},{\"@type\":\"BreadcrumbList\",\"@id\":\"https:\\\/\\\/trofeak.hu\\\/cart\\\/#breadcrumb\",\"itemListElement\":[{\"@type\":\"ListItem\",\"position\":1,\"name\":\"Home\",\"item\":\"https:\\\/\\\/trofeak.hu\\\/\"},{\"@type\":\"ListItem\",\"position\":2,\"name\":\"Cart\"}]},{\"@type\":\"WebSite\",\"@id\":\"https:\\\/\\\/trofeak.hu\\\/#website\",\"url\":\"https:\\\/\\\/trofeak.hu\\\/\",\"name\":\"Tr\u00f3fe\u00e1k \u00e9s kup\u00e1k\",\"description\":\"\",\"potentialAction\":[{\"@type\":\"SearchAction\",\"target\":{\"@type\":\"EntryPoint\",\"urlTemplate\":\"https:\\\/\\\/trofeak.hu\\\/?s={search_term_string}\"},\"query-input\":{\"@type\":\"PropertyValueSpecification\",\"valueRequired\":true,\"valueName\":\"search_term_string\"}}],\"inLanguage\":\"en-GB\"}]}<\/script>\n<!-- \/ Yoast SEO plugin. -->","yoast_head_json":{"title":"Cart - Tr\u00f3fe\u00e1k \u00e9s kup\u00e1k","robots":{"index":"index","follow":"follow","max-snippet":"max-snippet:-1","max-image-preview":"max-image-preview:large","max-video-preview":"max-video-preview:-1"},"canonical":"https:\/\/trofeak.hu\/en\/cart\/","og_locale":"en_GB","og_type":"article","og_title":"Cart - Tr\u00f3fe\u00e1k \u00e9s kup\u00e1k","og_url":"https:\/\/trofeak.hu\/en\/cart\/","og_site_name":"Tr\u00f3fe\u00e1k \u00e9s kup\u00e1k","twitter_card":"summary_large_image","schema":{"@context":"https:\/\/schema.org","@graph":[{"@type":"WebPage","@id":"https:\/\/trofeak.hu\/cart\/","url":"https:\/\/trofeak.hu\/cart\/","name":"Cart - Tr\u00f3fe\u00e1k \u00e9s kup\u00e1k","isPartOf":{"@id":"https:\/\/trofeak.hu\/#website"},"datePublished":"2019-10-09T11:03:19+00:00","breadcrumb":{"@id":"https:\/\/trofeak.hu\/cart\/#breadcrumb"},"inLanguage":"en-GB","potentialAction":[{"@type":"ReadAction","target":["https:\/\/trofeak.hu\/cart\/"]}]},{"@type":"BreadcrumbList","@id":"https:\/\/trofeak.hu\/cart\/#breadcrumb","itemListElement":[{"@type":"ListItem","position":1,"name":"Home","item":"https:\/\/trofeak.hu\/"},{"@type":"ListItem","position":2,"name":"Cart"}]},{"@type":"WebSite","@id":"https:\/\/trofeak.hu\/#website","url":"https:\/\/trofeak.hu\/","name":"Trophies and medals","description":"","potentialAction":[{"@type":"SearchAction","target":{"@type":"EntryPoint","urlTemplate":"https:\/\/trofeak.hu\/?s={search_term_string}"},"query-input":{"@type":"PropertyValueSpecification","valueRequired":true,"valueName":"search_term_string"}}],"inLanguage":"en-GB"}]}},"_links":{"self":[{"href":"https:\/\/trofeak.hu\/en\/wp-json\/wp\/v2\/pages\/685","targetHints":{"allow":["GET"]}}],"collection":[{"href":"https:\/\/trofeak.hu\/en\/wp-json\/wp\/v2\/pages"}],"about":[{"href":"https:\/\/trofeak.hu\/en\/wp-json\/wp\/v2\/types\/page"}],"author":[{"embeddable":true,"href":"https:\/\/trofeak.hu\/en\/wp-json\/wp\/v2\/users\/1"}],"replies":[{"embeddable":true,"href":"https:\/\/trofeak.hu\/en\/wp-json\/wp\/v2\/comments?post=685"}],"version-history":[{"count":0,"href":"https:\/\/trofeak.hu\/en\/wp-json\/wp\/v2\/pages\/685\/revisions"}],"wp:attachment":[{"href":"https:\/\/trofeak.hu\/en\/wp-json\/wp\/v2\/media?parent=685"}],"curies":[{"name":"wp","href":"https:\/\/api.w.org\/{rel}","templated":true}]}}