{"id":661,"date":"2019-09-23T09:47:30","date_gmt":"2019-09-23T09:47:30","guid":{"rendered":"https:\/\/trofeak.hu\/?page_id=661"},"modified":"2019-10-10T13:48:52","modified_gmt":"2019-10-10T13:48:52","slug":"galeria","status":"publish","type":"page","link":"https:\/\/trofeak.hu\/en\/galeria\/","title":{"rendered":"Gal\u00e9ria"},"content":{"rendered":"<div data-elementor-type=\"wp-page\" data-elementor-id=\"661\" class=\"elementor elementor-661\">\n\t\t\t\t\t\t<section class=\"elementor-section elementor-top-section elementor-element elementor-element-060fdd1 elementor-section-boxed elementor-section-height-default elementor-section-height-default\" data-id=\"060fdd1\" data-element_type=\"section\" data-e-type=\"section\">\n\t\t\t\t\t\t<div class=\"elementor-container elementor-column-gap-default\">\n\t\t\t\t\t<div class=\"elementor-column elementor-col-100 elementor-top-column elementor-element elementor-element-d89c262\" data-id=\"d89c262\" data-element_type=\"column\" data-e-type=\"column\">\n\t\t\t<div class=\"elementor-widget-wrap elementor-element-populated\">\n\t\t\t\t\t\t<div class=\"elementor-element elementor-element-8fdf44a gallery-spacing-custom elementor-widget elementor-widget-image-gallery\" data-id=\"8fdf44a\" data-element_type=\"widget\" data-e-type=\"widget\" data-widget_type=\"image-gallery.default\">\n\t\t\t\t<div class=\"elementor-widget-container\">\n\t\t\t\t\t\t\t<div class=\"elementor-image-gallery\">\n\t\t\t<div id='gallery-1' class='gallery galleryid-661 gallery-columns-2 gallery-size-medium_large'><figure class='gallery-item'>\n\t\t\t<div class='gallery-icon landscape'>\n\t\t\t\t<a data-elementor-open-lightbox=\"yes\" data-elementor-lightbox-slideshow=\"8fdf44a\" data-elementor-lightbox-title=\"1erm\" data-e-action-hash=\"#elementor-action%3Aaction%3Dlightbox%26settings%3DeyJpZCI6NjYzLCJ1cmwiOiJodHRwczpcL1wvdHJvZmVhay5odVwvd3AtY29udGVudFwvdXBsb2Fkc1wvMjAxOVwvMDlcLzFlcm0uanBnIiwic2xpZGVzaG93IjoiOGZkZjQ0YSJ9\" href='https:\/\/trofeak.hu\/wp-content\/uploads\/2019\/09\/1erm.jpg'><img fetchpriority=\"high\" decoding=\"async\" width=\"768\" height=\"576\" src=\"https:\/\/trofeak.hu\/wp-content\/uploads\/2019\/09\/1erm-768x576.jpg\" class=\"attachment-medium_large size-medium_large\" alt=\"\" srcset=\"https:\/\/trofeak.hu\/wp-content\/uploads\/2019\/09\/1erm-768x576.jpg 768w, https:\/\/trofeak.hu\/wp-content\/uploads\/2019\/09\/1erm-300x225.jpg 300w, https:\/\/trofeak.hu\/wp-content\/uploads\/2019\/09\/1erm.jpg 1000w\" sizes=\"(max-width: 768px) 100vw, 768px\" \/><\/a>\n\t\t\t<\/div><\/figure><figure class='gallery-item'>\n\t\t\t<div class='gallery-icon landscape'>\n\t\t\t\t<a data-elementor-open-lightbox=\"yes\" data-elementor-lightbox-slideshow=\"8fdf44a\" data-elementor-lightbox-title=\"2erm\" data-e-action-hash=\"#elementor-action%3Aaction%3Dlightbox%26settings%3DeyJpZCI6NjY0LCJ1cmwiOiJodHRwczpcL1wvdHJvZmVhay5odVwvd3AtY29udGVudFwvdXBsb2Fkc1wvMjAxOVwvMDlcLzJlcm0uanBnIiwic2xpZGVzaG93IjoiOGZkZjQ0YSJ9\" href='https:\/\/trofeak.hu\/wp-content\/uploads\/2019\/09\/2erm.jpg'><img decoding=\"async\" width=\"768\" height=\"576\" src=\"https:\/\/trofeak.hu\/wp-content\/uploads\/2019\/09\/2erm-768x576.jpg\" class=\"attachment-medium_large size-medium_large\" alt=\"\" srcset=\"https:\/\/trofeak.hu\/wp-content\/uploads\/2019\/09\/2erm-768x576.jpg 768w, https:\/\/trofeak.hu\/wp-content\/uploads\/2019\/09\/2erm-300x225.jpg 300w, https:\/\/trofeak.hu\/wp-content\/uploads\/2019\/09\/2erm.jpg 1000w\" sizes=\"(max-width: 768px) 100vw, 768px\" \/><\/a>\n\t\t\t<\/div><\/figure><figure class='gallery-item'>\n\t\t\t<div class='gallery-icon landscape'>\n\t\t\t\t<a data-elementor-open-lightbox=\"yes\" data-elementor-lightbox-slideshow=\"8fdf44a\" data-elementor-lightbox-title=\"katalogus2\" data-e-action-hash=\"#elementor-action%3Aaction%3Dlightbox%26settings%3DeyJpZCI6Njk3LCJ1cmwiOiJodHRwczpcL1wvdHJvZmVhay5odVwvd3AtY29udGVudFwvdXBsb2Fkc1wvMjAxOVwvMTBcL2thdGFsb2d1czItMS5qcGciLCJzbGlkZXNob3ciOiI4ZmRmNDRhIn0%3D\" href='https:\/\/trofeak.hu\/wp-content\/uploads\/2019\/10\/katalogus2-1.jpg'><img decoding=\"async\" width=\"768\" height=\"764\" src=\"https:\/\/trofeak.hu\/wp-content\/uploads\/2019\/10\/katalogus2-1-768x764.jpg\" class=\"attachment-medium_large size-medium_large\" alt=\"\" srcset=\"https:\/\/trofeak.hu\/wp-content\/uploads\/2019\/10\/katalogus2-1-768x764.jpg 768w, https:\/\/trofeak.hu\/wp-content\/uploads\/2019\/10\/katalogus2-1-150x150.jpg 150w, https:\/\/trofeak.hu\/wp-content\/uploads\/2019\/10\/katalogus2-1-300x298.jpg 300w, https:\/\/trofeak.hu\/wp-content\/uploads\/2019\/10\/katalogus2-1-600x597.jpg 600w, https:\/\/trofeak.hu\/wp-content\/uploads\/2019\/10\/katalogus2-1-100x100.jpg 100w, https:\/\/trofeak.hu\/wp-content\/uploads\/2019\/10\/katalogus2-1.jpg 887w\" sizes=\"(max-width: 768px) 100vw, 768px\" \/><\/a>\n\t\t\t<\/div><\/figure><figure class='gallery-item'>\n\t\t\t<div class='gallery-icon portrait'>\n\t\t\t\t<a data-elementor-open-lightbox=\"yes\" data-elementor-lightbox-slideshow=\"8fdf44a\" data-elementor-lightbox-title=\"uszogal\" data-e-action-hash=\"#elementor-action%3Aaction%3Dlightbox%26settings%3DeyJpZCI6Njk2LCJ1cmwiOiJodHRwczpcL1wvdHJvZmVhay5odVwvd3AtY29udGVudFwvdXBsb2Fkc1wvMjAxOVwvMTBcL3Vzem9nYWwuanBnIiwic2xpZGVzaG93IjoiOGZkZjQ0YSJ9\" href='https:\/\/trofeak.hu\/wp-content\/uploads\/2019\/10\/uszogal.jpg'><img loading=\"lazy\" decoding=\"async\" width=\"768\" height=\"773\" src=\"https:\/\/trofeak.hu\/wp-content\/uploads\/2019\/10\/uszogal-768x773.jpg\" class=\"attachment-medium_large size-medium_large\" alt=\"\" srcset=\"https:\/\/trofeak.hu\/wp-content\/uploads\/2019\/10\/uszogal-768x773.jpg 768w, https:\/\/trofeak.hu\/wp-content\/uploads\/2019\/10\/uszogal-150x150.jpg 150w, https:\/\/trofeak.hu\/wp-content\/uploads\/2019\/10\/uszogal-298x300.jpg 298w, https:\/\/trofeak.hu\/wp-content\/uploads\/2019\/10\/uszogal-600x604.jpg 600w, https:\/\/trofeak.hu\/wp-content\/uploads\/2019\/10\/uszogal-100x100.jpg 100w, https:\/\/trofeak.hu\/wp-content\/uploads\/2019\/10\/uszogal.jpg 948w\" sizes=\"(max-width: 768px) 100vw, 768px\" \/><\/a>\n\t\t\t<\/div><\/figure><figure class='gallery-item'>\n\t\t\t<div class='gallery-icon landscape'>\n\t\t\t\t<a data-elementor-open-lightbox=\"yes\" data-elementor-lightbox-slideshow=\"8fdf44a\" data-elementor-lightbox-title=\"69689000_2439226912779039_7521064837166661632_n\" data-e-action-hash=\"#elementor-action%3Aaction%3Dlightbox%26settings%3DeyJpZCI6Njc1LCJ1cmwiOiJodHRwczpcL1wvdHJvZmVhay5odVwvd3AtY29udGVudFwvdXBsb2Fkc1wvMjAxOVwvMDlcLzY5Njg5MDAwXzI0MzkyMjY5MTI3NzkwMzlfNzUyMTA2NDgzNzE2NjY2MTYzMl9uLmpwZyIsInNsaWRlc2hvdyI6IjhmZGY0NGEifQ%3D%3D\" href='https:\/\/trofeak.hu\/wp-content\/uploads\/2019\/09\/69689000_2439226912779039_7521064837166661632_n.jpg'><img loading=\"lazy\" decoding=\"async\" width=\"768\" height=\"517\" src=\"https:\/\/trofeak.hu\/wp-content\/uploads\/2019\/09\/69689000_2439226912779039_7521064837166661632_n-768x517.jpg\" class=\"attachment-medium_large size-medium_large\" alt=\"\" srcset=\"https:\/\/trofeak.hu\/wp-content\/uploads\/2019\/09\/69689000_2439226912779039_7521064837166661632_n-768x517.jpg 768w, https:\/\/trofeak.hu\/wp-content\/uploads\/2019\/09\/69689000_2439226912779039_7521064837166661632_n-300x202.jpg 300w, https:\/\/trofeak.hu\/wp-content\/uploads\/2019\/09\/69689000_2439226912779039_7521064837166661632_n.jpg 944w\" sizes=\"(max-width: 768px) 100vw, 768px\" \/><\/a>\n\t\t\t<\/div><\/figure>\n\t\t<\/div>\n\t\t<\/div>\n\t\t\t\t\t\t<\/div>\n\t\t\t\t<\/div>\n\t\t\t\t\t<\/div>\n\t\t<\/div>\n\t\t\t\t\t<\/div>\n\t\t<\/section>\n\t\t\t\t<\/div>","protected":false},"excerpt":{"rendered":"","protected":false},"author":1,"featured_media":0,"parent":0,"menu_order":0,"comment_status":"closed","ping_status":"closed","template":"elementor_header_footer","meta":{"zakra_page_container_layout":"customizer","zakra_page_sidebar_layout":"customizer","zakra_remove_content_margin":false,"zakra_sidebar":"customizer","zakra_transparent_header":"customizer","zakra_logo":0,"zakra_main_header_style":"default","zakra_menu_item_color":"","zakra_menu_item_hover_color":"","zakra_menu_item_active_color":"","zakra_menu_active_style":"","zakra_page_header":true,"footnotes":""},"class_list":["post-661","page","type-page","status-publish","hentry"],"yoast_head":"<!-- This site is optimized with the Yoast SEO plugin v27.4 - https:\/\/yoast.com\/product\/yoast-seo-wordpress\/ -->\n<title>Gal\u00e9ria - Tr\u00f3fe\u00e1k \u00e9s kup\u00e1k<\/title>\n<meta name=\"description\" content=\"Tekintse meg a term\u00e9keinkr\u0151l k\u00e9sz\u00fclt k\u00e9peket!\" \/>\n<meta name=\"robots\" content=\"index, follow, max-snippet:-1, max-image-preview:large, max-video-preview:-1\" \/>\n<link rel=\"canonical\" href=\"https:\/\/trofeak.hu\/en\/galeria\/\" \/>\n<meta property=\"og:locale\" content=\"en_GB\" \/>\n<meta property=\"og:type\" content=\"article\" \/>\n<meta property=\"og:title\" content=\"Gal\u00e9ria - Tr\u00f3fe\u00e1k \u00e9s kup\u00e1k\" \/>\n<meta property=\"og:description\" content=\"Tekintse meg a term\u00e9keinkr\u0151l k\u00e9sz\u00fclt k\u00e9peket!\" \/>\n<meta property=\"og:url\" content=\"https:\/\/trofeak.hu\/en\/galeria\/\" \/>\n<meta property=\"og:site_name\" content=\"Tr\u00f3fe\u00e1k \u00e9s kup\u00e1k\" \/>\n<meta property=\"article:modified_time\" content=\"2019-10-10T13:48:52+00:00\" \/>\n<meta property=\"og:image\" content=\"https:\/\/trofeak.hu\/wp-content\/uploads\/2019\/09\/1erm-768x576.jpg\" \/>\n<meta name=\"twitter:card\" content=\"summary_large_image\" \/>\n<script type=\"application\/ld+json\" class=\"yoast-schema-graph\">{\"@context\":\"https:\\\/\\\/schema.org\",\"@graph\":[{\"@type\":\"WebPage\",\"@id\":\"https:\\\/\\\/trofeak.hu\\\/galeria\\\/\",\"url\":\"https:\\\/\\\/trofeak.hu\\\/galeria\\\/\",\"name\":\"Gal\u00e9ria - Tr\u00f3fe\u00e1k \u00e9s kup\u00e1k\",\"isPartOf\":{\"@id\":\"https:\\\/\\\/trofeak.hu\\\/#website\"},\"primaryImageOfPage\":{\"@id\":\"https:\\\/\\\/trofeak.hu\\\/galeria\\\/#primaryimage\"},\"image\":{\"@id\":\"https:\\\/\\\/trofeak.hu\\\/galeria\\\/#primaryimage\"},\"thumbnailUrl\":\"https:\\\/\\\/trofeak.hu\\\/wp-content\\\/uploads\\\/2019\\\/09\\\/1erm-768x576.jpg\",\"datePublished\":\"2019-09-23T09:47:30+00:00\",\"dateModified\":\"2019-10-10T13:48:52+00:00\",\"description\":\"Tekintse meg a term\u00e9keinkr\u0151l k\u00e9sz\u00fclt k\u00e9peket!\",\"breadcrumb\":{\"@id\":\"https:\\\/\\\/trofeak.hu\\\/galeria\\\/#breadcrumb\"},\"inLanguage\":\"en-GB\",\"potentialAction\":[{\"@type\":\"ReadAction\",\"target\":[\"https:\\\/\\\/trofeak.hu\\\/galeria\\\/\"]}]},{\"@type\":\"ImageObject\",\"inLanguage\":\"en-GB\",\"@id\":\"https:\\\/\\\/trofeak.hu\\\/galeria\\\/#primaryimage\",\"url\":\"https:\\\/\\\/trofeak.hu\\\/wp-content\\\/uploads\\\/2019\\\/09\\\/1erm-768x576.jpg\",\"contentUrl\":\"https:\\\/\\\/trofeak.hu\\\/wp-content\\\/uploads\\\/2019\\\/09\\\/1erm-768x576.jpg\"},{\"@type\":\"BreadcrumbList\",\"@id\":\"https:\\\/\\\/trofeak.hu\\\/galeria\\\/#breadcrumb\",\"itemListElement\":[{\"@type\":\"ListItem\",\"position\":1,\"name\":\"Home\",\"item\":\"https:\\\/\\\/trofeak.hu\\\/\"},{\"@type\":\"ListItem\",\"position\":2,\"name\":\"Gal\u00e9ria\"}]},{\"@type\":\"WebSite\",\"@id\":\"https:\\\/\\\/trofeak.hu\\\/#website\",\"url\":\"https:\\\/\\\/trofeak.hu\\\/\",\"name\":\"Tr\u00f3fe\u00e1k \u00e9s kup\u00e1k\",\"description\":\"\",\"potentialAction\":[{\"@type\":\"SearchAction\",\"target\":{\"@type\":\"EntryPoint\",\"urlTemplate\":\"https:\\\/\\\/trofeak.hu\\\/?s={search_term_string}\"},\"query-input\":{\"@type\":\"PropertyValueSpecification\",\"valueRequired\":true,\"valueName\":\"search_term_string\"}}],\"inLanguage\":\"en-GB\"}]}<\/script>\n<!-- \/ Yoast SEO plugin. -->","yoast_head_json":{"title":"Gal\u00e9ria - Tr\u00f3fe\u00e1k \u00e9s kup\u00e1k","description":"Tekintse meg a term\u00e9keinkr\u0151l k\u00e9sz\u00fclt k\u00e9peket!","robots":{"index":"index","follow":"follow","max-snippet":"max-snippet:-1","max-image-preview":"max-image-preview:large","max-video-preview":"max-video-preview:-1"},"canonical":"https:\/\/trofeak.hu\/en\/galeria\/","og_locale":"en_GB","og_type":"article","og_title":"Gal\u00e9ria - Tr\u00f3fe\u00e1k \u00e9s kup\u00e1k","og_description":"Tekintse meg a term\u00e9keinkr\u0151l k\u00e9sz\u00fclt k\u00e9peket!","og_url":"https:\/\/trofeak.hu\/en\/galeria\/","og_site_name":"Tr\u00f3fe\u00e1k \u00e9s kup\u00e1k","article_modified_time":"2019-10-10T13:48:52+00:00","og_image":[{"url":"https:\/\/trofeak.hu\/wp-content\/uploads\/2019\/09\/1erm-768x576.jpg","type":"","width":"","height":""}],"twitter_card":"summary_large_image","schema":{"@context":"https:\/\/schema.org","@graph":[{"@type":"WebPage","@id":"https:\/\/trofeak.hu\/galeria\/","url":"https:\/\/trofeak.hu\/galeria\/","name":"Gal\u00e9ria - Tr\u00f3fe\u00e1k \u00e9s kup\u00e1k","isPartOf":{"@id":"https:\/\/trofeak.hu\/#website"},"primaryImageOfPage":{"@id":"https:\/\/trofeak.hu\/galeria\/#primaryimage"},"image":{"@id":"https:\/\/trofeak.hu\/galeria\/#primaryimage"},"thumbnailUrl":"https:\/\/trofeak.hu\/wp-content\/uploads\/2019\/09\/1erm-768x576.jpg","datePublished":"2019-09-23T09:47:30+00:00","dateModified":"2019-10-10T13:48:52+00:00","description":"Tekintse meg a term\u00e9keinkr\u0151l k\u00e9sz\u00fclt k\u00e9peket!","breadcrumb":{"@id":"https:\/\/trofeak.hu\/galeria\/#breadcrumb"},"inLanguage":"en-GB","potentialAction":[{"@type":"ReadAction","target":["https:\/\/trofeak.hu\/galeria\/"]}]},{"@type":"ImageObject","inLanguage":"en-GB","@id":"https:\/\/trofeak.hu\/galeria\/#primaryimage","url":"https:\/\/trofeak.hu\/wp-content\/uploads\/2019\/09\/1erm-768x576.jpg","contentUrl":"https:\/\/trofeak.hu\/wp-content\/uploads\/2019\/09\/1erm-768x576.jpg"},{"@type":"BreadcrumbList","@id":"https:\/\/trofeak.hu\/galeria\/#breadcrumb","itemListElement":[{"@type":"ListItem","position":1,"name":"Home","item":"https:\/\/trofeak.hu\/"},{"@type":"ListItem","position":2,"name":"Gal\u00e9ria"}]},{"@type":"WebSite","@id":"https:\/\/trofeak.hu\/#website","url":"https:\/\/trofeak.hu\/","name":"Trophies and medals","description":"","potentialAction":[{"@type":"SearchAction","target":{"@type":"EntryPoint","urlTemplate":"https:\/\/trofeak.hu\/?s={search_term_string}"},"query-input":{"@type":"PropertyValueSpecification","valueRequired":true,"valueName":"search_term_string"}}],"inLanguage":"en-GB"}]}},"_links":{"self":[{"href":"https:\/\/trofeak.hu\/en\/wp-json\/wp\/v2\/pages\/661","targetHints":{"allow":["GET"]}}],"collection":[{"href":"https:\/\/trofeak.hu\/en\/wp-json\/wp\/v2\/pages"}],"about":[{"href":"https:\/\/trofeak.hu\/en\/wp-json\/wp\/v2\/types\/page"}],"author":[{"embeddable":true,"href":"https:\/\/trofeak.hu\/en\/wp-json\/wp\/v2\/users\/1"}],"replies":[{"embeddable":true,"href":"https:\/\/trofeak.hu\/en\/wp-json\/wp\/v2\/comments?post=661"}],"version-history":[{"count":5,"href":"https:\/\/trofeak.hu\/en\/wp-json\/wp\/v2\/pages\/661\/revisions"}],"predecessor-version":[{"id":699,"href":"https:\/\/trofeak.hu\/en\/wp-json\/wp\/v2\/pages\/661\/revisions\/699"}],"wp:attachment":[{"href":"https:\/\/trofeak.hu\/en\/wp-json\/wp\/v2\/media?parent=661"}],"curies":[{"name":"wp","href":"https:\/\/api.w.org\/{rel}","templated":true}]}}